{"id":455,"date":"2023-04-11T17:39:42","date_gmt":"2023-04-11T14:39:42","guid":{"rendered":"http:\/\/exitkitehouse.com\/?page_id=455"},"modified":"2025-06-12T23:39:42","modified_gmt":"2025-06-12T20:39:42","slug":"ekipman-kiralamasatis","status":"publish","type":"page","link":"https:\/\/exitkitehouse.com\/index.php\/ekipman-kiralamasatis\/","title":{"rendered":"Ekipman"},"content":{"rendered":"\t\t<div data-elementor-type=\"wp-page\" data-elementor-id=\"455\" class=\"elementor elementor-455\">\n\t\t\t\t\t\t<section class=\"elementor-section elementor-top-section elementor-element elementor-element-8394479 elementor-section-full_width elementor-section-height-min-height elementor-section-items-stretch elementor-section-content-middle elementor-reverse-mobile elementor-section-height-default\" data-id=\"8394479\" data-element_type=\"section\" data-e-type=\"section\" data-settings=\"{&quot;background_background&quot;:&quot;classic&quot;}\">\n\t\t\t\t\t\t<div class=\"elementor-container elementor-column-gap-no\">\n\t\t\t\t\t<div class=\"elementor-column elementor-col-50 elementor-top-column elementor-element elementor-element-204429e4\" data-id=\"204429e4\" data-element_type=\"column\" data-e-type=\"column\">\n\t\t\t<div class=\"elementor-widget-wrap elementor-element-populated\">\n\t\t\t\t\t\t<div class=\"elementor-element elementor-element-7f583615 elementor-widget elementor-widget-text-editor\" data-id=\"7f583615\" data-element_type=\"widget\" data-e-type=\"widget\" data-widget_type=\"text-editor.default\">\n\t\t\t\t<div class=\"elementor-widget-container\">\n\t\t\t\t\t\t\t\t\t<p>Home \/ <a href=\"#\">Kiralama&amp;Sat\u0131\u015f<\/a><\/p>\t\t\t\t\t\t\t\t<\/div>\n\t\t\t\t<\/div>\n\t\t\t\t\t<\/div>\n\t\t<\/div>\n\t\t\t\t<div class=\"elementor-column elementor-col-50 elementor-top-column elementor-element elementor-element-40956d81 elementor-hidden-tablet elementor-hidden-mobile\" data-id=\"40956d81\" data-element_type=\"column\" data-e-type=\"column\" data-settings=\"{&quot;background_background&quot;:&quot;classic&quot;}\">\n\t\t\t<div class=\"elementor-widget-wrap elementor-element-populated\">\n\t\t\t\t\t\t<div class=\"elementor-element elementor-element-43bea232 elementor-widget elementor-widget-heading\" data-id=\"43bea232\" data-element_type=\"widget\" data-e-type=\"widget\" data-widget_type=\"heading.default\">\n\t\t\t\t<div class=\"elementor-widget-container\">\n\t\t\t\t\t<h2 class=\"elementor-heading-title elementor-size-default\">Kiralama&amp;Sat\u0131\u015f<\/h2>\t\t\t\t<\/div>\n\t\t\t\t<\/div>\n\t\t\t\t\t<\/div>\n\t\t<\/div>\n\t\t\t\t\t<\/div>\n\t\t<\/section>\n\t\t\t\t<section class=\"elementor-section elementor-top-section elementor-element elementor-element-3f3fc423 elementor-section-boxed elementor-section-height-default elementor-section-height-default\" data-id=\"3f3fc423\" data-element_type=\"section\" data-e-type=\"section\">\n\t\t\t\t\t\t<div class=\"elementor-container elementor-column-gap-default\">\n\t\t\t\t\t<div class=\"elementor-column elementor-col-50 elementor-top-column elementor-element elementor-element-77135ecf\" data-id=\"77135ecf\" data-element_type=\"column\" data-e-type=\"column\">\n\t\t\t<div class=\"elementor-widget-wrap elementor-element-populated\">\n\t\t\t\t\t\t<div class=\"elementor-element elementor-element-2e46e3ca elementor-widget elementor-widget-image\" data-id=\"2e46e3ca\" data-element_type=\"widget\" data-e-type=\"widget\" data-widget_type=\"image.default\">\n\t\t\t\t<div class=\"elementor-widget-container\">\n\t\t\t\t\t\t\t\t\t\t\t\t\t\t\t<img fetchpriority=\"high\" decoding=\"async\" width=\"850\" height=\"900\" src=\"https:\/\/exitkitehouse.com\/wp-content\/uploads\/2023\/04\/xr7.jpg\" class=\"attachment-full size-full wp-image-608\" alt=\"\" srcset=\"https:\/\/exitkitehouse.com\/wp-content\/uploads\/2023\/04\/xr7.jpg 850w, https:\/\/exitkitehouse.com\/wp-content\/uploads\/2023\/04\/xr7-283x300.jpg 283w, https:\/\/exitkitehouse.com\/wp-content\/uploads\/2023\/04\/xr7-768x813.jpg 768w\" sizes=\"(max-width: 850px) 100vw, 850px\" \/>\t\t\t\t\t\t\t\t\t\t\t\t\t\t\t<\/div>\n\t\t\t\t<\/div>\n\t\t\t\t\t<\/div>\n\t\t<\/div>\n\t\t\t\t<div class=\"elementor-column elementor-col-50 elementor-top-column elementor-element elementor-element-63b1240c\" data-id=\"63b1240c\" data-element_type=\"column\" data-e-type=\"column\">\n\t\t\t<div class=\"elementor-widget-wrap elementor-element-populated\">\n\t\t\t\t\t\t<section class=\"elementor-section elementor-inner-section elementor-element elementor-element-20247e90 elementor-section-boxed elementor-section-height-default elementor-section-height-default\" data-id=\"20247e90\" data-element_type=\"section\" data-e-type=\"section\">\n\t\t\t\t\t\t<div class=\"elementor-container elementor-column-gap-default\">\n\t\t\t\t\t<div class=\"elementor-column elementor-col-50 elementor-inner-column elementor-element elementor-element-4a6dca17\" data-id=\"4a6dca17\" data-element_type=\"column\" data-e-type=\"column\">\n\t\t\t<div class=\"elementor-widget-wrap elementor-element-populated\">\n\t\t\t\t\t\t<div class=\"elementor-element elementor-element-4b2e39de elementor-widget elementor-widget-heading\" data-id=\"4b2e39de\" data-element_type=\"widget\" data-e-type=\"widget\" data-widget_type=\"heading.default\">\n\t\t\t\t<div class=\"elementor-widget-container\">\n\t\t\t\t\t<h2 class=\"elementor-heading-title elementor-size-default\">EK\u0130PMAN K\u0130RA&amp;SATI\u015e<\/h2>\t\t\t\t<\/div>\n\t\t\t\t<\/div>\n\t\t\t\t\t<\/div>\n\t\t<\/div>\n\t\t\t\t<div class=\"elementor-column elementor-col-50 elementor-inner-column elementor-element elementor-element-3ed507e0\" data-id=\"3ed507e0\" data-element_type=\"column\" data-e-type=\"column\">\n\t\t\t<div class=\"elementor-widget-wrap elementor-element-populated\">\n\t\t\t\t\t\t<div class=\"elementor-element elementor-element-493542f4 elementor-widget elementor-widget-heading\" data-id=\"493542f4\" data-element_type=\"widget\" data-e-type=\"widget\" data-widget_type=\"heading.default\">\n\t\t\t\t<div class=\"elementor-widget-container\">\n\t\t\t\t\t<h3 class=\"elementor-heading-title elementor-size-default\">En iyisini kullan\u0131n,<br>En iyisiyle \u00f6\u011frenin<\/h3>\t\t\t\t<\/div>\n\t\t\t\t<\/div>\n\t\t\t\t\t<\/div>\n\t\t<\/div>\n\t\t\t\t\t<\/div>\n\t\t<\/section>\n\t\t\t\t<div class=\"elementor-element elementor-element-710a7c33 elementor-widget elementor-widget-text-editor\" data-id=\"710a7c33\" data-element_type=\"widget\" data-e-type=\"widget\" data-widget_type=\"text-editor.default\">\n\t\t\t\t<div class=\"elementor-widget-container\">\n\t\t\t\t\t\t\t\t\t<p><span style=\"font-weight: 400;\">20 y\u0131l\u0131 a\u015fk\u0131n bir s\u00fcredir, su sporlar\u0131 \u00fcr\u00fcnlerinde en y\u00fcksek kalite ve performans standartlar\u0131n\u0131 sa\u011flayan Core, premium kite markas\u0131d\u0131r. Core Avrupa&#8217;n\u0131n su sporlar\u0131 merkezlerinden biri olan Almanya&#8217;daki Fehmarn adas\u0131nda, en zorlu spotlarda uluslararas\u0131 profesyonel ekibin ellerinde \u00fcretilip test ediliyor. Dayan\u0131kl\u0131 yap\u0131s\u0131 ve teknolojisiyle Core \u00fcr\u00fcnleri sekt\u00f6re y\u00f6n veriyor.<\/span><\/p>\t\t\t\t\t\t\t\t<\/div>\n\t\t\t\t<\/div>\n\t\t\t\t\t<\/div>\n\t\t<\/div>\n\t\t\t\t\t<\/div>\n\t\t<\/section>\n\t\t\t\t<section class=\"elementor-section elementor-top-section elementor-element elementor-element-4b7d7aa4 elementor-section-full_width elementor-section-height-default elementor-section-height-default\" data-id=\"4b7d7aa4\" data-element_type=\"section\" data-e-type=\"section\">\n\t\t\t\t\t\t<div class=\"elementor-container elementor-column-gap-no\">\n\t\t\t\t\t<div class=\"elementor-column elementor-col-100 elementor-top-column elementor-element elementor-element-39014cbb\" data-id=\"39014cbb\" data-element_type=\"column\" data-e-type=\"column\">\n\t\t\t<div class=\"elementor-widget-wrap elementor-element-populated\">\n\t\t\t\t\t\t<section class=\"elementor-section elementor-inner-section elementor-element elementor-element-f113de1 elementor-section-full_width elementor-section-height-default elementor-section-height-default\" data-id=\"f113de1\" data-element_type=\"section\" data-e-type=\"section\">\n\t\t\t\t\t\t<div class=\"elementor-container elementor-column-gap-default\">\n\t\t\t\t\t<div class=\"elementor-column elementor-col-33 elementor-inner-column elementor-element elementor-element-3f8a44b5\" data-id=\"3f8a44b5\" data-element_type=\"column\" data-e-type=\"column\">\n\t\t\t<div class=\"elementor-widget-wrap elementor-element-populated\">\n\t\t\t\t\t\t<div class=\"elementor-element elementor-element-65078ecc elementor-widget elementor-widget-image\" data-id=\"65078ecc\" data-element_type=\"widget\" data-e-type=\"widget\" data-widget_type=\"image.default\">\n\t\t\t\t<div class=\"elementor-widget-container\">\n\t\t\t\t\t\t\t\t\t\t\t\t\t\t\t<img decoding=\"async\" width=\"300\" height=\"238\" src=\"https:\/\/exitkitehouse.com\/wp-content\/uploads\/2023\/03\/Icon-1-1.png\" class=\"attachment-full size-full wp-image-46\" alt=\"\" \/>\t\t\t\t\t\t\t\t\t\t\t\t\t\t\t<\/div>\n\t\t\t\t<\/div>\n\t\t\t\t<div class=\"elementor-element elementor-element-4eec72f1 elementor-widget elementor-widget-spacer\" data-id=\"4eec72f1\" data-element_type=\"widget\" data-e-type=\"widget\" data-widget_type=\"spacer.default\">\n\t\t\t\t<div class=\"elementor-widget-container\">\n\t\t\t\t\t\t\t<div class=\"elementor-spacer\">\n\t\t\t<div class=\"elementor-spacer-inner\"><\/div>\n\t\t<\/div>\n\t\t\t\t\t\t<\/div>\n\t\t\t\t<\/div>\n\t\t\t\t<div class=\"elementor-element elementor-element-1be6ba08 elementor-widget elementor-widget-heading\" data-id=\"1be6ba08\" data-element_type=\"widget\" data-e-type=\"widget\" data-widget_type=\"heading.default\">\n\t\t\t\t<div class=\"elementor-widget-container\">\n\t\t\t\t\t<p class=\"elementor-heading-title elementor-size-default\">Kite - Kontrol Bar - Board - Harness - Wetsuit<\/p>\t\t\t\t<\/div>\n\t\t\t\t<\/div>\n\t\t\t\t\t<\/div>\n\t\t<\/div>\n\t\t\t\t<div class=\"elementor-column elementor-col-33 elementor-inner-column elementor-element elementor-element-5c78e1d5\" data-id=\"5c78e1d5\" data-element_type=\"column\" data-e-type=\"column\">\n\t\t\t<div class=\"elementor-widget-wrap elementor-element-populated\">\n\t\t\t\t\t\t<div class=\"elementor-element elementor-element-2266ca1 elementor-widget__width-initial cpel-lv--yes elementor-widget elementor-widget-bwdct-creative-table\" data-id=\"2266ca1\" data-element_type=\"widget\" data-e-type=\"widget\" data-widget_type=\"bwdct-creative-table.default\">\n\t\t\t\t<div class=\"elementor-widget-container\">\n\t\t\t\t\t\t\t\t<div class=\"bwdct_common bwdct_CreativeTable_8\">\r\n\t\t\t\t<table class=\"bwdct_table\">\r\n\t\t\t\t\t<thead>\r\n\t\t\t\t\t\t<tr>\r\n\t\t\t\t\t\t\t\t\t\t\t\t\t<th colspan=\"1\"  class=\"bwdct_th elementor-repeater-item-7fce4b5\">\r\n\t\t\t\t\t\t\t\t\t\t\t\t\t\t\t\t<div class=\"bwdct_header-title\" >S\u00dcRE<\/div>\r\n\t\t\t\t\t\t\t<\/th>\r\n\t\t\t\t\t\t\t\t\t\t\t\t\t<th colspan=\"1\"  class=\"bwdct_th elementor-repeater-item-59540ed\">\r\n\t\t\t\t\t\t\t\t\t\t\t\t\t\t\t\t<div class=\"bwdct_header-title\" >F\u0130YAT<\/div>\r\n\t\t\t\t\t\t\t<\/th>\r\n\t\t\t\t\t\t\t\t\t\t\t\t<\/tr>\r\n\t\t\t\t\t<\/thead>\r\n\t\t\t\t\t<tbody>\r\n\t\t\t\t\t\t\t\t\t\t\t\t\t<tr class=\"bwdct_td elementor-repeater-item-05cb77f\" colspan=\"\" rowspan=\"\">\r\n\r\n\t\t\t\t\t\t\t\r\n\t\t\t\t\t\t\t<\/tr>\r\n\t\t\t\t\t\t\t\t\t\t\t\t\t<td class=\"bwdct_td elementor-repeater-item-53b0adf\" colspan=\"1\" rowspan=\"1\">\r\n\r\n\t\t\t\t\t\t\t\t\t\t\t\t\t\t\t<a class=\"bwdct-body-text\" href=\"\">1 Saat<\/a>\r\n\r\n\t\t\t\t\t\t\t\r\n\t\t\t\t\t\t\t<\/td>\r\n\t\t\t\t\t\t\t\t\t\t\t\t\t<td class=\"bwdct_td elementor-repeater-item-39cbeed\" colspan=\"1\" rowspan=\"1\">\r\n\r\n\t\t\t\t\t\t\t\t\t\t\t\t\t\t\t<a class=\"bwdct-body-text\" href=\"\">1500\u20ba<\/a>\r\n\r\n\t\t\t\t\t\t\t\r\n\t\t\t\t\t\t\t<\/td>\r\n\t\t\t\t\t\t\t\t\t\t\t\t\t<tr class=\"bwdct_td elementor-repeater-item-9311941\" colspan=\"\" rowspan=\"\">\r\n\r\n\t\t\t\t\t\t\t\r\n\t\t\t\t\t\t\t<\/tr>\r\n\t\t\t\t\t\t\t\t\t\t\t\t\t<td class=\"bwdct_td elementor-repeater-item-4ec1eac\" colspan=\"1\" rowspan=\"1\">\r\n\r\n\t\t\t\t\t\t\t\t\t\t\t\t\t\t\t<a class=\"bwdct-body-text\" href=\"\">Yar\u0131m G\u00fcn (2 Saate kadar)<\/a>\r\n\r\n\t\t\t\t\t\t\t\r\n\t\t\t\t\t\t\t<\/td>\r\n\t\t\t\t\t\t\t\t\t\t\t\t\t<td class=\"bwdct_td elementor-repeater-item-e6ea8c7\" colspan=\"1\" rowspan=\"1\">\r\n\r\n\t\t\t\t\t\t\t\t\t\t\t\t\t\t\t<a class=\"bwdct-body-text\" href=\"\">2250\u20ba<\/a>\r\n\r\n\t\t\t\t\t\t\t\r\n\t\t\t\t\t\t\t<\/td>\r\n\t\t\t\t\t\t\t\t\t\t\t\t\t<tr class=\"bwdct_td elementor-repeater-item-0f8442e\" colspan=\"\" rowspan=\"\">\r\n\r\n\t\t\t\t\t\t\t\r\n\t\t\t\t\t\t\t<\/tr>\r\n\t\t\t\t\t\t\t\t\t\t\t\t\t<td class=\"bwdct_td elementor-repeater-item-007888b\" colspan=\"1\" rowspan=\"1\">\r\n\r\n\t\t\t\t\t\t\t\t\t\t\t\t\t\t\t<a class=\"bwdct-body-text\" href=\"\">Tam G\u00fcn<\/a>\r\n\r\n\t\t\t\t\t\t\t\r\n\t\t\t\t\t\t\t<\/td>\r\n\t\t\t\t\t\t\t\t\t\t\t\t\t<td class=\"bwdct_td elementor-repeater-item-d8a7674\" colspan=\"1\" rowspan=\"1\">\r\n\r\n\t\t\t\t\t\t\t\t\t\t\t\t\t\t\t<a class=\"bwdct-body-text\" href=\"\">3500\u20ba<\/a>\r\n\r\n\t\t\t\t\t\t\t\r\n\t\t\t\t\t\t\t<\/td>\r\n\t\t\t\t\t\t\t\t\t\t\t\t\t<tr class=\"bwdct_td elementor-repeater-item-099285a\" colspan=\"\" rowspan=\"\">\r\n\r\n\t\t\t\t\t\t\t\r\n\t\t\t\t\t\t\t<\/tr>\r\n\t\t\t\t\t\t\t\t\t\t\t\t\t<td class=\"bwdct_td elementor-repeater-item-61c8e76\" colspan=\"100\" rowspan=\"1\">\r\n\r\n\t\t\t\t\t\t\t\t\t\t\t\t\t\t\t<a class=\"bwdct-body-text\" href=\"\">Sadece kite %40, sadece board %70, sadece harness %80 indirimlidir.<\/a>\r\n\r\n\t\t\t\t\t\t\t\r\n\t\t\t\t\t\t\t<\/td>\r\n\t\t\t\t\t\t\t\t\t\t\t<\/tbody>\r\n\t\t\t\t<\/table>\r\n\t\t\t<\/div>\r\n\t\t\t\t\t\t\t<\/div>\n\t\t\t\t<\/div>\n\t\t\t\t\t<\/div>\n\t\t<\/div>\n\t\t\t\t<div class=\"elementor-column elementor-col-33 elementor-inner-column elementor-element elementor-element-16a0c1e2\" data-id=\"16a0c1e2\" data-element_type=\"column\" data-e-type=\"column\">\n\t\t\t<div class=\"elementor-widget-wrap elementor-element-populated\">\n\t\t\t\t\t\t<div class=\"elementor-element elementor-element-75b9f20 ekit-image-accordion-vertical ekit-image-accordion-hover elementor-widget elementor-widget-elementskit-image-accordion\" data-id=\"75b9f20\" data-element_type=\"widget\" data-e-type=\"widget\" data-widget_type=\"elementskit-image-accordion.default\">\n\t\t\t\t<div class=\"elementor-widget-container\">\n\t\t\t\t\t<div class=\"ekit-wid-con\" >\t\t<div class=\"ekit-image-accordion elementskit-image-accordion-wraper\">\n\t\t\t                <input type=\"radio\" name=\"ekit_ia_75b9f20\" id=\"ekit_ia_75b9f20_0\" class=\"elementskit-single-image-accordion--input\" hidden>\n                <label for=\"ekit_ia_75b9f20_0\" class=\"elementskit-single-image-accordion ekit-image-accordion-item\" style=\"background-image: url(https:\/\/exitkitehouse.com\/wp-content\/uploads\/2023\/04\/ekipman_satis1.jpg)\">\n                    <span class=\"elementskit-accordion-content\">\n\t\t\t\t\t\t\t\t\t\t\t\t\t<span class=\"elementskit-icon-wraper ekit-image-accordion-actions\">\n\t\t\t\t\t\t\t\t\t\t\t\t\t\t\t\t\t\t\t\t\t\t\t<a  class=\"icon-outline circle\">\n\t\t\t\t\t\t\t\t\t<i aria-hidden=\"true\" class=\"icon icon icon-link\"><\/i>\t\t\t\t\t\t\t\t\t<\/a>\n\t\t\t\t\t\t\t\t\t\t\t\t\t\t\t<\/span>\n\t\t\t\t\t\t\t\t\t\t\t\t\t\t<span class=\"elementskit-accordion-title-wraper\">\n\t\t\t\t\t\t\t\t<span class=\"elementskit-accordion-title \">\n\t\t\t\t\t\t\t\t\n\t\t\t\t\t\t\t\tEkipman Sat\u0131\u015f\n\t\t\t\t\t\t\t\t\t\t\t\t\t\t\t\t<\/span>\n\t\t\t\t\t\t\t<\/span>\n\t\t\t\t\t\t\t\t\t\t\t\t\t\t<span class=\"elementskit-btn-wraper\">\n\t\t\t\t\t\t\t\t<a class=\"ekit-image-accordion--btn elementskit-btn whitespace--normal\" href=\"https:\/\/exitkitehouse.com\/index.php\/anasayfa\/iletisim\/\">\n\t\t\t\t\t\t\t\t\t\u0130leti\u015fime Ge\u00e7\t\t\t\t\t\t\t\t<\/a>\n\t\t\t\t\t\t\t<\/span>\n\t\t\t\t\t\t                    <\/span>\n                <\/label>\n                    <\/div>\n    <\/div>\t\t\t\t<\/div>\n\t\t\t\t<\/div>\n\t\t\t\t\t<\/div>\n\t\t<\/div>\n\t\t\t\t\t<\/div>\n\t\t<\/section>\n\t\t\t\t<section class=\"elementor-section elementor-inner-section elementor-element elementor-element-7ad55b08 elementor-section-full_width elementor-section-height-default elementor-section-height-default\" data-id=\"7ad55b08\" data-element_type=\"section\" data-e-type=\"section\">\n\t\t\t\t\t\t<div class=\"elementor-container elementor-column-gap-default\">\n\t\t\t\t\t<div class=\"elementor-column elementor-col-50 elementor-inner-column elementor-element elementor-element-1bc86b04\" data-id=\"1bc86b04\" data-element_type=\"column\" data-e-type=\"column\">\n\t\t\t<div class=\"elementor-widget-wrap elementor-element-populated\">\n\t\t\t\t\t\t<div class=\"elementor-element elementor-element-f86bd92 ekit-image-accordion-vertical ekit-image-accordion-hover elementor-widget elementor-widget-elementskit-image-accordion\" data-id=\"f86bd92\" data-element_type=\"widget\" data-e-type=\"widget\" data-widget_type=\"elementskit-image-accordion.default\">\n\t\t\t\t<div class=\"elementor-widget-container\">\n\t\t\t\t\t<div class=\"ekit-wid-con\" >\t\t<div class=\"ekit-image-accordion elementskit-image-accordion-wraper\">\n\t\t\t                <input type=\"radio\" name=\"ekit_ia_f86bd92\" id=\"ekit_ia_f86bd92_0\" class=\"elementskit-single-image-accordion--input\" hidden>\n                <label for=\"ekit_ia_f86bd92_0\" class=\"elementskit-single-image-accordion ekit-image-accordion-item\" style=\"background-image: url(https:\/\/exitkitehouse.com\/wp-content\/uploads\/2023\/04\/xr_kumas.jpg)\">\n                    <span class=\"elementskit-accordion-content\">\n\t\t\t\t\t\t\t\t\t\t\t\t\t<span class=\"elementskit-icon-wraper ekit-image-accordion-actions\">\n\t\t\t\t\t\t\t\t\t\t\t\t\t\t\t\t\t\t\t\t\t\t\t<a href=\"https:\/\/ridecore.com\/us\/kite\/kites\/range\" role=\"link\" aria-label=\"button-link\" class=\"icon-outline circle\">\n\t\t\t\t\t\t\t\t\t<i aria-hidden=\"true\" class=\"icon icon icon-link\"><\/i>\t\t\t\t\t\t\t\t\t<\/a>\n\t\t\t\t\t\t\t\t\t\t\t\t\t\t\t<\/span>\n\t\t\t\t\t\t\t\t\t\t\t\t\t\t<span class=\"elementskit-accordion-title-wraper\">\n\t\t\t\t\t\t\t\t<span class=\"elementskit-accordion-title \">\n\t\t\t\t\t\t\t\t\n\t\t\t\t\t\t\t\tCore \u00fcr\u00fcnlerini\n\t\t\t\t\t\t\t\t\t\t\t\t\t\t\t\t<\/span>\n\t\t\t\t\t\t\t<\/span>\n\t\t\t\t\t\t\t\t\t\t\t\t\t\t<span class=\"elementskit-btn-wraper\">\n\t\t\t\t\t\t\t\t<a class=\"ekit-image-accordion--btn elementskit-btn whitespace--normal\" href=\"https:\/\/ridecore.com\/us\/kite\/kites\/range\" target=\"_blank\">\n\t\t\t\t\t\t\t\t\t\u0130ncele\t\t\t\t\t\t\t\t<\/a>\n\t\t\t\t\t\t\t<\/span>\n\t\t\t\t\t\t                    <\/span>\n                <\/label>\n                    <\/div>\n    <\/div>\t\t\t\t<\/div>\n\t\t\t\t<\/div>\n\t\t\t\t\t<\/div>\n\t\t<\/div>\n\t\t\t\t<div class=\"elementor-column elementor-col-50 elementor-inner-column elementor-element elementor-element-9f1835f\" data-id=\"9f1835f\" data-element_type=\"column\" data-e-type=\"column\" data-settings=\"{&quot;background_background&quot;:&quot;classic&quot;}\">\n\t\t\t<div class=\"elementor-widget-wrap elementor-element-populated\">\n\t\t\t\t\t<div class=\"elementor-background-overlay\"><\/div>\n\t\t\t\t\t\t<div class=\"elementor-element elementor-element-41200b66 elementor-widget elementor-widget-heading\" data-id=\"41200b66\" data-element_type=\"widget\" data-e-type=\"widget\" data-widget_type=\"heading.default\">\n\t\t\t\t<div class=\"elementor-widget-container\">\n\t\t\t\t\t<h2 class=\"elementor-heading-title elementor-size-default\">E\u011e\u0130T\u0130M VE K\u0130RALAMADA AYNI KAL\u0130TE<\/h2>\t\t\t\t<\/div>\n\t\t\t\t<\/div>\n\t\t\t\t<div class=\"elementor-element elementor-element-6da23129 elementor-widget elementor-widget-heading\" data-id=\"6da23129\" data-element_type=\"widget\" data-e-type=\"widget\" data-widget_type=\"heading.default\">\n\t\t\t\t<div class=\"elementor-widget-container\">\n\t\t\t\t\t<h3 class=\"elementor-heading-title elementor-size-default\">Do\u011fru Ekipmanla, <br>Daha H\u0131zl\u0131 \u00d6\u011fren<\/h3>\t\t\t\t<\/div>\n\t\t\t\t<\/div>\n\t\t\t\t<div class=\"elementor-element elementor-element-7a6775aa elementor-widget elementor-widget-spacer\" data-id=\"7a6775aa\" data-element_type=\"widget\" data-e-type=\"widget\" data-widget_type=\"spacer.default\">\n\t\t\t\t<div class=\"elementor-widget-container\">\n\t\t\t\t\t\t\t<div class=\"elementor-spacer\">\n\t\t\t<div class=\"elementor-spacer-inner\"><\/div>\n\t\t<\/div>\n\t\t\t\t\t\t<\/div>\n\t\t\t\t<\/div>\n\t\t\t\t<div class=\"elementor-element elementor-element-3653e925 elementor-align-left elementor-widget elementor-widget-button\" data-id=\"3653e925\" data-element_type=\"widget\" data-e-type=\"widget\" data-widget_type=\"button.default\">\n\t\t\t\t<div class=\"elementor-widget-container\">\n\t\t\t\t\t\t\t\t\t<div class=\"elementor-button-wrapper\">\n\t\t\t\t\t<a class=\"elementor-button elementor-button-link elementor-size-sm\" href=\"https:\/\/exitkitehouse.com\/index.php\/kitesurf-egitim\/\">\n\t\t\t\t\t\t<span class=\"elementor-button-content-wrapper\">\n\t\t\t\t\t\t\t\t\t<span class=\"elementor-button-text\">E\u011e\u0130T\u0130M PAKETLER\u0130N\u0130 G\u00d6R<\/span>\n\t\t\t\t\t<\/span>\n\t\t\t\t\t<\/a>\n\t\t\t\t<\/div>\n\t\t\t\t\t\t\t\t<\/div>\n\t\t\t\t<\/div>\n\t\t\t\t\t<\/div>\n\t\t<\/div>\n\t\t\t\t\t<\/div>\n\t\t<\/section>\n\t\t\t\t\t<\/div>\n\t\t<\/div>\n\t\t\t\t\t<\/div>\n\t\t<\/section>\n\t\t\t\t<\/div>\n\t\t","protected":false},"excerpt":{"rendered":"<p>Home \/ Kiralama&amp;Sat\u0131\u015f Kiralama&amp;Sat\u0131\u015f EK\u0130PMAN K\u0130RA&amp;SATI\u015e En iyisini kullan\u0131n,En iyisiyle \u00f6\u011frenin 20 y\u0131l\u0131 a\u015fk\u0131n bir s\u00fcredir, su sporlar\u0131 \u00fcr\u00fcnlerinde en y\u00fcksek kalite ve performans standartlar\u0131n\u0131 sa\u011flayan Core, premium kite markas\u0131d\u0131r. Core Avrupa&#8217;n\u0131n su sporlar\u0131 merkezlerinden biri olan Almanya&#8217;daki Fehmarn adas\u0131nda, en zorlu spotlarda uluslararas\u0131 profesyonel ekibin ellerinde \u00fcretilip test ediliyor. Dayan\u0131kl\u0131 yap\u0131s\u0131 ve teknolojisiyle Core [&hellip;]<\/p>\n","protected":false},"author":1,"featured_media":0,"parent":0,"menu_order":0,"comment_status":"closed","ping_status":"closed","template":"elementor_header_footer","meta":{"_joinchat":[],"footnotes":""},"class_list":["post-455","page","type-page","status-publish","hentry"],"_links":{"self":[{"href":"https:\/\/exitkitehouse.com\/index.php\/wp-json\/wp\/v2\/pages\/455","targetHints":{"allow":["GET"]}}],"collection":[{"href":"https:\/\/exitkitehouse.com\/index.php\/wp-json\/wp\/v2\/pages"}],"about":[{"href":"https:\/\/exitkitehouse.com\/index.php\/wp-json\/wp\/v2\/types\/page"}],"author":[{"embeddable":true,"href":"https:\/\/exitkitehouse.com\/index.php\/wp-json\/wp\/v2\/users\/1"}],"replies":[{"embeddable":true,"href":"https:\/\/exitkitehouse.com\/index.php\/wp-json\/wp\/v2\/comments?post=455"}],"version-history":[{"count":57,"href":"https:\/\/exitkitehouse.com\/index.php\/wp-json\/wp\/v2\/pages\/455\/revisions"}],"predecessor-version":[{"id":1327,"href":"https:\/\/exitkitehouse.com\/index.php\/wp-json\/wp\/v2\/pages\/455\/revisions\/1327"}],"wp:attachment":[{"href":"https:\/\/exitkitehouse.com\/index.php\/wp-json\/wp\/v2\/media?parent=455"}],"curies":[{"name":"wp","href":"https:\/\/api.w.org\/{rel}","templated":true}]}}